{"id":1416,"date":"2025-09-10T11:53:36","date_gmt":"2025-09-10T11:53:36","guid":{"rendered":"https:\/\/wyjazdydlarodzicow.pl\/?page_id=1416"},"modified":"2025-09-10T11:54:30","modified_gmt":"2025-09-10T11:54:30","slug":"polityka-prywatnosci","status":"publish","type":"page","link":"https:\/\/wyjazdydlarodzicow.pl\/?page_id=1416","title":{"rendered":"Polityka prywatno\u015bci"},"content":{"rendered":"\n<p><strong>Polityka prywatno\u015bci i plik\u00f3w cookies strony Wyjazdy dla rodzic\u00f3w<\/strong><\/p>\n\n\n\n<p>Niniejsza Polityka prywatno\u015bci i plik\u00f3w cookies okre\u015bla zasady przetwarzania i ochrony danych osobowych oraz wykorzystania plik\u00f3w cookies oraz innych technologii takich jak np.: : Google Analytics, Facebook Pixel w zwi\u0105zku z korzystaniem przez U\u017cytkownik\u00f3w ze Strony internetowej oraz profili w mediach spo\u0142eczno\u015bciowych prowadzonych przez Administratora.<em><\/em><\/p>\n\n\n\n<p><strong>\u00a71. Definicje<\/strong><\/p>\n\n\n\n<p>Na potrzeby niniejszej polityki prywatno\u015bci przyjmuje si\u0119 nast\u0119puj\u0105ce znaczenie poni\u017cszych poj\u0119\u0107:<\/p>\n\n\n\n<ol class=\"wp-block-list\">\n<li><strong>Administrator<\/strong> &#8211; &nbsp;JWD Magdalena Korczy\u0144ska, 01-343 Warszawa, ul. Legionowa 9\/1, NIP 9511993455.<\/li>\n\n\n\n<li><strong>Strona internetowa<\/strong> &#8211; serwis dost\u0119pny pod adresem <a href=\"https:\/\/wyjazdydlarodzicow.pl\/\">https:\/\/wyjazdydlarodzicow.pl\/<\/a><em>.<\/em><\/li>\n\n\n\n<li><strong>U\u017cytkownik<\/strong> &#8211; ka\u017cdy podmiot, kt\u00f3ry przegl\u0105da zawarto\u015b\u0107 Strony internetowej.<\/li>\n\n\n\n<li><strong>RODO<\/strong> &#8211; Rozporz\u0105dzenie Parlamentu Europejskiego i&nbsp;Rady (UE) 2016\/679 z&nbsp;dnia 27 kwietnia 2016 r. w&nbsp;sprawie ochrony os\u00f3b fizycznych w&nbsp;zwi\u0105zku z&nbsp;przetwarzaniem danych osobowych i&nbsp;w sprawie swobodnego przep\u0142ywu takich danych oraz uchylenia dyrektywy 95\/46\/WE.<\/li>\n<\/ol>\n\n\n\n<p><strong>\u00a72. Dane osobowe<\/strong><\/p>\n\n\n\n<ol class=\"wp-block-list\">\n<li>Administratorem danych osobowych U\u017cytkownika w rozumieniu RODO jest Administrator.<\/li>\n\n\n\n<li>Administrator przetwarza dane u\u017cytkownik\u00f3w w okre\u015blonych celach i na podstawie prawnej, kt\u00f3r\u0105 mo\u017ce by\u0107 dobrowolna, konkretna, \u015bwiadoma i jednoznaczna zgoda U\u017cytkownika wyra\u017cona na przyk\u0142ad za pomoc\u0105 odpowiedniego formularza na Stronie internetowej. Dane osobowe U\u017cytkownik\u00f3w mog\u0105 by\u0107 przetwarzane tak\u017ce w przypadkach, w kt\u00f3rych Administrator jest zobowi\u0105zany do przetwarzania danych osobowych na podstawie przepis\u00f3w prawa lub w celu realizacji zawartej pomi\u0119dzy stronami umowy, a tak\u017ce na podstawie prawnie uzasadnionego interesu realizowanego przez administratora.<\/li>\n\n\n\n<li>U\u017cytkownik mo\u017ce przekazywa\u0107 swoje dane osobowe Administratorowi mi\u0119dzy innymi za pomoc\u0105 formularzy dost\u0119pnych na Stronie internetowej, a tak\u017ce takich rozwi\u0105za\u0144, jak komunikatory internetowe i profile w mediach spo\u0142eczno\u015bciowych, w szczeg\u00f3lno\u015bci:<ol><li>[<strong>FORMULARZ ZAM\u00d3WIENIA<\/strong>]<br>Dane osobowe przekazywane Administratorowi przez U\u017cytkownika w ramach formularza zam\u00f3wienia przetwarzane s\u0105 w celu wykonania umowy zawartej za po\u015brednictwem Sklepu lub Strony internetowej. Umowa ta jest podstaw\u0105 prawn\u0105 przetwarzania (art.6 ust.1 lit. b RODO). Podanie danych osobowych przez U\u017cytkownika jest dobrowolne, ale&nbsp;niezb\u0119dne, by U\u017cytkownik m\u00f3g\u0142 zawrze\u0107 umow\u0119 z Administratorem. Dane te b\u0119d\u0105 przetwarzane przez czas realizacji zam\u00f3wienia oraz realizacji obowi\u0105zk\u00f3w ustawowych ci\u0105\u017c\u0105cych na administratorze (np. podatkowo-ksi\u0119gowych), a tak\u017ce na&nbsp;wypadek roszcze\u0144. <em>&nbsp;<\/em><\/li><\/ol><ol><li>[<strong>FORMULARZ ZAPISU NA NEWSLETTER<\/strong>]<br>Dane osobowe przekazywane Administratorowi przez U\u017cytkownika w ramach formularza zapisu na newsletter przetwarzane s\u0105 w celu realizacji us\u0142ugi dostarczania newslettera zawieraj\u0105cego informacje o nowo\u015bciach i wybranych ofertach. Podanie danych osobowych przez U\u017cytkownika jest dobrowolne, ale&nbsp;niezb\u0119dne, by U\u017cytkownik m\u00f3g\u0142 zapisa\u0107 si\u0119 i otrzymywa\u0107 newsletter. Przetwarzanie danych odbywa si\u0119 na podstawie umowy (podstawa prawna art.6 ust.1 lit. b RODO) zawartej z u\u017cyciem formularza zapisu na newsletter. U\u017cytkownik mo\u017ce wypowiedzie\u0107 umow\u0119 poprzez wypisanie si\u0119 wg instrukcji zawartej w ka\u017cdym Newsletterze lub wysy\u0142aj\u0105c odpowiednie o\u015bwiadczenie na adres email Administratora.<\/li><\/ol><ol><li>[<strong>FORMULARZ KONTAKTOWY<\/strong>]<br>Dane osobowe przekazywane Administratorowi przez U\u017cytkownika w ramach formularza kontaktowego lub w wiadomo\u015bci email wys\u0142anej na adres Administratora podany na Stronie internetowej przetwarzane s\u0105 w celu udzielenia odpowiedzi na wys\u0142ane zapytanie. Podanie danych osobowych przez U\u017cytkownika jest dobrowolne, ale niezb\u0119dne, by U\u017cytkownik otrzyma\u0142 odpowied\u017a. Przetwarzanie danych w tym celu odbywa si\u0119 na podstawie prawnie uzasadnionego interesu realizowanego przez administratora (Art.6 ust.1 lit. f RODO). Dane te b\u0119d\u0105 przetwarzane do czasu zako\u0144czenia korespondencji oraz do czasu przedawnienia ewentualnych roszcze\u0144.<\/li><\/ol><ol><li><strong>[FORMULARZ DODAWANIA KOMENTARZY\/OPINII<\/strong>]<br>Dane osobowe przekazywane Administratorowi przez U\u017cytkownika w ramach formularza komentarzy\/opinii przetwarzane s\u0105 w celu wy\u015bwietlenia komentarza\/opinii U\u017cytkownika. Podanie danych osobowych przez U\u017cytkownika jest dobrowolne, ale niezb\u0119dne, by U\u017cytkownik m\u00f3g\u0142 umie\u015bci\u0107 komentarz\/opini\u0119. Przetwarzanie danych w tym celu odbywa si\u0119 na podstawie zgody u\u017cytkownika (podstawa prawna art.6 ust.1 lit. a RODO). Dane te b\u0119d\u0105 przetwarzane tak d\u0142ugo, jak d\u0142ugo b\u0119dzie istnia\u0142a Strona internetowa lub do czasu cofni\u0119cia zgody przez U\u017cytkownika.<\/li><\/ol>\n<ol class=\"wp-block-list\">\n<li><strong>[M<\/strong><strong>EDIA SPO\u0141ECZNO\u015aCIOWE I KOMUNIKATORY INTERNETOWE<\/strong>]<br>Dane osobowe przekazywane Administratorowi przez U\u017cytkownika w ramach jego profili w mediach spo\u0142eczno\u015bciowych lub wiadomo\u015bci wys\u0142anej za po\u015brednictwem komunikator\u00f3w internetowych przetwarzane s\u0105 w celu udzielenia odpowiedzi na wys\u0142ane zapytanie. Podanie danych osobowych przez U\u017cytkownika jest dobrowolne, ale niezb\u0119dne, by U\u017cytkownik otrzyma\u0142 odpowied\u017a. Przetwarzanie danych w tym celu odbywa si\u0119 na podstawie prawnie uzasadnionego interesu realizowanego przez administratora (Art.6 ust.1 lit. f RODO). Dane te b\u0119d\u0105 przetwarzane do czasu zako\u0144czenia korespondencji oraz do czasu przedawnienia ewentualnych roszcze\u0144.<\/li>\n<\/ol>\n<\/li>\n<\/ol>\n\n\n\n<ul class=\"wp-block-list\">\n<li>Administrator mo\u017ce powierzy\u0107 dane osobowe innym podmiotom, z pomoc\u0105 kt\u00f3rych realizuje wskazane&nbsp; w poprzednich punktach cele (np. firmom dostarczaj\u0105cym us\u0142ug\u0119 hostingu, firmie ksi\u0119gowej, firmie dostarczaj\u0105cej aplikacj\u0119 do emailingu, firmie dostarczaj\u0105cej aplikacj\u0119 dofakturowania.<em>&nbsp;<\/em><\/li>\n\n\n\n<li>Dane osobowe U\u017cytkownika nie b\u0119d\u0105 przekazywane do odbiorc\u00f3w z pa\u0144stw trzecich ani organizacji mi\u0119dzynarodowych, kt\u00f3re nie zapewniaj\u0105 odpowiedniego stopnia ochrony. Odpowiedni stopie\u0144 ochrony musi by\u0107 potwierdzony odpowiedni\u0105 decyzj\u0105 Komisji Europejskiej lub innym wi\u0105\u017c\u0105cym instrumentem prawnym.<\/li>\n\n\n\n<li>Administrator gwarantuje poufno\u015b\u0107 wszelkich przekazanych mu danych osobowych.<\/li>\n\n\n\n<li>Dane osobowe s\u0105 gromadzone z nale\u017cyt\u0105 staranno\u015bci\u0105 i odpowiednio chronione przed dost\u0119pem przez osoby do tego nieupowa\u017cnione, a ich przetwarzanie odbywa si\u0119 zgodnie oraz na warunkach okre\u015blonych szczeg\u00f3\u0142owo w:<ul><li>Rozporz\u0105dzeniu Parlamentu Europejskiego i&nbsp;Rady (UE) 2016\/679 z&nbsp;dnia 27 kwietnia 2016 r. w&nbsp;sprawie ochrony os\u00f3b fizycznych w&nbsp;zwi\u0105zku z&nbsp;przetwarzaniem danych osobowych i&nbsp;w sprawie swobodnego przep\u0142ywu takich danych oraz uchylenia dyrektywy 95\/46\/WE,<\/li><\/ul><ul><li>ustawie z dnia 18 lipca 2002 o \u015bwiadczenie us\u0142ug drog\u0105 elektroniczn\u0105,<\/li><\/ul>\n<ul class=\"wp-block-list\">\n<li>ustawie z dnia 10 maja 2018 o ochronie danych osobowych.<\/li>\n<\/ul>\n<\/li>\n<\/ul>\n\n\n\n<p><strong>\u00a73. Prawa u\u017cytkownika<\/strong><\/p>\n\n\n\n<ol class=\"wp-block-list\">\n<li>U\u017cytkownikowi przys\u0142uguj\u0105 prawa zwi\u0105zane z przetwarzaniem jego danych osobowych, w&nbsp;tym:<\/li>\n\n\n\n<li>prawo dost\u0119pu do danych<\/li>\n\n\n\n<li>prawo do poprawienia danych<\/li>\n\n\n\n<li>prawo do ograniczenia przetwarzania danych<\/li>\n\n\n\n<li>prawo do sprzeciwu&nbsp; wobec przetwarzania danych<\/li>\n\n\n\n<li>prawo do usuni\u0119cia danych (tzw. prawo do bycia zapomnianym)<\/li>\n\n\n\n<li>prawo do przenoszenia danych<\/li>\n\n\n\n<li>prawo do wniesienia skargi do organu nadzorczego w zwi\u0105zku z przetwarzaniem danych osobowych przez Administratora<\/li>\n\n\n\n<li>U\u017cytkownik ma prawo do cofni\u0119cia swojej zgody w ka\u017cdej chwili, je\u015bli U\u017cytkownik uprzednio j\u0105 wyrazi\u0142.&nbsp;&nbsp;<\/li>\n\n\n\n<li>W celu realizacji swoich praw U\u017cytkownik powinien skierowa\u0107 odpowiednie \u017c\u0105danie na adres: <a href=\"mailto:magda@jakwychowywacdziewczynki.pl\">magda@jakwychowywacdziewczynki.pl<\/a>.<em> \u00a0\u00a0<\/em>\u00a0<\/li>\n<\/ol>\n\n\n\n<p><strong>\u00a74. Pliki cookies i inne informacje<\/strong><\/p>\n\n\n\n<ol class=\"wp-block-list\">\n<li>Podczas korzystania przez U\u017cytkownika ze Strony internetowej automatycznie zbierane s\u0105\u00a0dane dotycz\u0105ce U\u017cytkownika. Do tych danych zalicza si\u0119 m.in.: adres IP, nazwa domeny, typ przegl\u0105darki, typ systemu operacyjnego. Dane te mog\u0105 by\u0107 zbierane przez pliki cookies (tzw.\u00a0ciasteczka), a tak\u017ce mog\u0105 by\u0107 zapisywane w logach serwera.<\/li>\n\n\n\n<li>Pliki cookies (tzw. ciasteczka) to pliki wysy\u0142ane do komputera lub innego urz\u0105dzenia (np.&nbsp;laptop, smartfon, tablet) U\u017cytkownika i tam zapisywane podczas przegl\u0105dania Strony internetowej. Pliki&nbsp;cookie zapami\u0119tuj\u0105 preferencje i zachowania U\u017cytkownika, co umo\u017cliwia podnoszenie jako\u015bci \u015bwiadczonych us\u0142ug, poprawianie wynik\u00f3w wyszukiwania i trafno\u015bci wy\u015bwietlanych informacji, w tym reklam, oraz anonimowe \u015bledzenie preferencji U\u017cytkownika.<\/li>\n\n\n\n<li>Aktualna lista stosowanych na Stronie internetowej plik\u00f3w cookies dost\u0119pna jest za po\u015brednictwem paska cookie udost\u0119pnionego na Stornie internetowej.&nbsp;<\/li>\n\n\n\n<li>U\u017cytkownik zgod\u0119 na stosowanie plik\u00f3w cookies na jego urz\u0105dzeniu ko\u0144cowym mo\u017ce wyrazi\u0107 za pomoc\u0105 paska cookie udost\u0119pnionego na Stronie internetowej. Mo\u017ce to zrobi\u0107 tak\u017ce za pomoc\u0105 ustawie\u0144 przegl\u0105darki zainstalowanej na urz\u0105dzeniu U\u017cytkownika. W taki sam spos\u00f3b U\u017cytkownik mo\u017ce w ka\u017cdej chwili swoj\u0105 zgod\u0119 cofn\u0105\u0107 lub zmieni\u0107 jej zakres.<\/li>\n\n\n\n<li>U\u017cytkownik mo\u017ce r\u00f3wnie\u017c usun\u0105\u0107 istniej\u0105ce pliki cookies ze swojego urz\u0105dzenia, korzystaj\u0105c z&nbsp;odpowiednich funkcji przegl\u0105darki internetowej, program\u00f3w s\u0142u\u017c\u0105cych w tym celu lub narz\u0119dzi dost\u0119pnych w ramach systemu operacyjnego, z kt\u00f3rego korzysta U\u017cytkownik.<\/li>\n\n\n\n<li>Dane zapisane w logach serwera lub za pomoc\u0105 cookies nie s\u0105 \u0142\u0105czone przez Administratora w \u017caden spos\u00f3b z&nbsp;konkretnymi U\u017cytkownikami Strony internetowej i nie s\u0105 wykorzystywane przez niego w celu identyfikacji U\u017cytkownika. Logi serwera s\u0142u\u017c\u0105 do administrowania Stron\u0105 internetow\u0105, a ich zawarto\u015b\u0107 nie jest ujawniania nikomu poza osobami upowa\u017cnionymi do administrowania serwerem.<\/li>\n<\/ol>\n\n\n\n<ul class=\"wp-block-list\">\n<li>Na Stronie internetowej s\u0105 stosowane technologie rejestruj\u0105ce <strong>anonimowo<\/strong> dzia\u0142ania podejmowane przez U\u017cytkownika podczas korzystania ze Strony internetowej. S\u0105 to m.in.:<ul><li>Google Analytics &#8211; stosowana w celu analizowania statystyk Strony internetowej<\/li><\/ul>\n<ul class=\"wp-block-list\">\n<li>Facebook Pixel &#8211; stosowana w celu zarz\u0105dzania i optymalizacji reklamy na Facebooku<\/li>\n<\/ul>\n<\/li>\n\n\n\n<li>Dane uzyskane przez te narz\u0119dzia nie s\u0105 \u0142\u0105czone w \u017caden spos\u00f3b z konkretnymi U\u017cytkownikami Strony internetowej i nie s\u0105 wykorzystywane przez Administratora w celu identyfikacji U\u017cytkownika.<\/li>\n\n\n\n<li>Konsekwencj\u0105 zastosowania technologii wymienionych w \u00a7 3 pkt. 7 b\u0119dzie&nbsp; zoptymalizowanie Strony internetowej, jej tre\u015bci oraz oferty do potrzeb U\u017cytkownika.<\/li>\n<\/ul>\n\n\n\n<p><strong>\u00a75. Cel wykorzystania danych<\/strong><\/p>\n\n\n\n<p>Dane podane przez U\u017cytkownika lub zbierane automatycznie Administrator wykorzystuje w celu:<\/p>\n\n\n\n<ol style=\"list-style-type:lower-alpha\" class=\"wp-block-list\">\n<li>prawid\u0142owego funkcjonowania, konfiguracji, bezpiecze\u0144stwa Strony internetowej,<ol><li>monitorowania stanu sesji,<\/li><\/ol><ol><li>analiz, bada\u0144&nbsp;i audytu wy\u015bwietle\u0144 Strony internetowej,<\/li><\/ol>\n<ol class=\"wp-block-list\">\n<li>a tak\u017ce w celach statystycznych i marketingowych.<\/li>\n<\/ol>\n<\/li>\n<\/ol>\n\n\n\n<p><strong>\u00a76. Postanowienia ko\u0144cowe<\/strong><\/p>\n\n\n\n<ol class=\"wp-block-list\">\n<li>W niniejszym dokumencie mog\u0105 nast\u0105pi\u0107 zmiany, na kt\u00f3re mo\u017ce wp\u0142yn\u0105\u0107 rozw\u00f3j technologii internetowej, zmiany prawa w zakresie ochrony danych osobowych oraz rozw\u00f3j naszej Strony internetowej i Sklepu. Wszelkie zmiany b\u0119d\u0105 komunikowane U\u017cytkownikom niezw\u0142ocznie w spos\u00f3b widoczny i zrozumia\u0142y.<\/li>\n\n\n\n<li>Wszelkie pytania lub uwagi dotycz\u0105ce Polityki prywatno\u015bci i plik\u00f3w cookies prosimy kierowa\u0107 na adres:&nbsp; <a href=\"mailto:magda@jakwychowywacdziewczynki.pl\">magda@jakwychowywacdziewczynki.pl<\/a>.<\/li>\n<\/ol>\n\n\n\n<p><\/p>\n\n\n\n<p><\/p>\n","protected":false},"excerpt":{"rendered":"<p>Polityka prywatno\u015bci i plik\u00f3w cookies strony Wyjazdy dla rodzic\u00f3w Niniejsza Polityka prywatno\u015bci i plik\u00f3w cookies okre\u015bla zasady przetwarzania i ochrony [&hellip;]<\/p>\n","protected":false},"author":1,"featured_media":0,"parent":0,"menu_order":0,"comment_status":"closed","ping_status":"closed","template":"","meta":{"site-sidebar-layout":"default","site-content-layout":"","ast-site-content-layout":"default","site-content-style":"default","site-sidebar-style":"default","ast-global-header-display":"","ast-banner-title-visibility":"","ast-main-header-display":"","ast-hfb-above-header-display":"","ast-hfb-below-header-display":"","ast-hfb-mobile-header-display":"","site-post-title":"","ast-breadcrumbs-content":"","ast-featured-img":"","footer-sml-layout":"","ast-disable-related-posts":"","theme-transparent-header-meta":"","adv-header-id-meta":"","stick-header-meta":"","header-above-stick-meta":"","header-main-stick-meta":"","header-below-stick-meta":"","astra-migrate-meta-layouts":"default","ast-page-background-enabled":"default","ast-page-background-meta":{"desktop":{"background-color":"var(--ast-global-color-5)","background-image":"","background-repeat":"repeat","background-position":"center center","background-size":"auto","background-attachment":"scroll","background-type":"","background-media":"","overlay-type":"","overlay-color":"","overlay-opacity":"","overlay-gradient":""},"tablet":{"background-color":"","background-image":"","background-repeat":"repeat","background-position":"center center","background-size":"auto","background-attachment":"scroll","background-type":"","background-media":"","overlay-type":"","overlay-color":"","overlay-opacity":"","overlay-gradient":""},"mobile":{"background-color":"","background-image":"","background-repeat":"repeat","background-position":"center center","background-size":"auto","background-attachment":"scroll","background-type":"","background-media":"","overlay-type":"","overlay-color":"","overlay-opacity":"","overlay-gradient":""}},"ast-content-background-meta":{"desktop":{"background-color":"var(--ast-global-color-4)","background-image":"","background-repeat":"repeat","background-position":"center center","background-size":"auto","background-attachment":"scroll","background-type":"","background-media":"","overlay-type":"","overlay-color":"","overlay-opacity":"","overlay-gradient":""},"tablet":{"background-color":"var(--ast-global-color-4)","background-image":"","background-repeat":"repeat","background-position":"center center","background-size":"auto","background-attachment":"scroll","background-type":"","background-media":"","overlay-type":"","overlay-color":"","overlay-opacity":"","overlay-gradient":""},"mobile":{"background-color":"var(--ast-global-color-4)","background-image":"","background-repeat":"repeat","background-position":"center center","background-size":"auto","background-attachment":"scroll","background-type":"","background-media":"","overlay-type":"","overlay-color":"","overlay-opacity":"","overlay-gradient":""}},"footnotes":""},"class_list":["post-1416","page","type-page","status-publish","hentry"],"yoast_head":"<!-- This site is optimized with the Yoast SEO plugin v27.4 - https:\/\/yoast.com\/product\/yoast-seo-wordpress\/ -->\n<title>Polityka prywatno\u015bci - Wyjazdy dla rodzic&oacute;w<\/title>\n<meta name=\"robots\" content=\"index, follow, max-snippet:-1, max-image-preview:large, max-video-preview:-1\" \/>\n<link rel=\"canonical\" href=\"https:\/\/wyjazdydlarodzicow.pl\/?page_id=1416\" \/>\n<meta property=\"og:locale\" content=\"pl_PL\" \/>\n<meta property=\"og:type\" content=\"article\" \/>\n<meta property=\"og:title\" content=\"Polityka prywatno\u015bci - Wyjazdy dla rodzic&oacute;w\" \/>\n<meta property=\"og:description\" content=\"Polityka prywatno\u015bci i plik\u00f3w cookies strony Wyjazdy dla rodzic\u00f3w Niniejsza Polityka prywatno\u015bci i plik\u00f3w cookies okre\u015bla zasady przetwarzania i ochrony [&hellip;]\" \/>\n<meta property=\"og:url\" content=\"https:\/\/wyjazdydlarodzicow.pl\/?page_id=1416\" \/>\n<meta property=\"og:site_name\" content=\"Wyjazdy dla rodzic&oacute;w\" \/>\n<meta property=\"article:publisher\" content=\"https:\/\/www.facebook.com\/wyjazdydlarodzicow\" \/>\n<meta property=\"article:modified_time\" content=\"2025-09-10T11:54:30+00:00\" \/>\n<meta name=\"twitter:card\" content=\"summary_large_image\" \/>\n<meta name=\"twitter:label1\" content=\"Szacowany czas czytania\" \/>\n\t<meta name=\"twitter:data1\" content=\"8 minut\" \/>\n<script type=\"application\/ld+json\" class=\"yoast-schema-graph\">{\"@context\":\"https:\\\/\\\/schema.org\",\"@graph\":[{\"@type\":\"WebPage\",\"@id\":\"https:\\\/\\\/wyjazdydlarodzicow.pl\\\/?page_id=1416\",\"url\":\"https:\\\/\\\/wyjazdydlarodzicow.pl\\\/?page_id=1416\",\"name\":\"Polityka prywatno\u015bci - Wyjazdy dla rodzic&oacute;w\",\"isPartOf\":{\"@id\":\"http:\\\/\\\/wyjazdydlarodzicow.pl\\\/#website\"},\"datePublished\":\"2025-09-10T11:53:36+00:00\",\"dateModified\":\"2025-09-10T11:54:30+00:00\",\"breadcrumb\":{\"@id\":\"https:\\\/\\\/wyjazdydlarodzicow.pl\\\/?page_id=1416#breadcrumb\"},\"inLanguage\":\"pl-PL\",\"potentialAction\":[{\"@type\":\"ReadAction\",\"target\":[\"https:\\\/\\\/wyjazdydlarodzicow.pl\\\/?page_id=1416\"]}]},{\"@type\":\"BreadcrumbList\",\"@id\":\"https:\\\/\\\/wyjazdydlarodzicow.pl\\\/?page_id=1416#breadcrumb\",\"itemListElement\":[{\"@type\":\"ListItem\",\"position\":1,\"name\":\"Strona g\u0142\u00f3wna\",\"item\":\"http:\\\/\\\/wyjazdydlarodzicow.pl\\\/\"},{\"@type\":\"ListItem\",\"position\":2,\"name\":\"Polityka prywatno\u015bci\"}]},{\"@type\":\"WebSite\",\"@id\":\"http:\\\/\\\/wyjazdydlarodzicow.pl\\\/#website\",\"url\":\"http:\\\/\\\/wyjazdydlarodzicow.pl\\\/\",\"name\":\"Wyjazdy dla rodzic\u00f3w\",\"description\":\"\",\"publisher\":{\"@id\":\"http:\\\/\\\/wyjazdydlarodzicow.pl\\\/#organization\"},\"potentialAction\":[{\"@type\":\"SearchAction\",\"target\":{\"@type\":\"EntryPoint\",\"urlTemplate\":\"http:\\\/\\\/wyjazdydlarodzicow.pl\\\/?s={search_term_string}\"},\"query-input\":{\"@type\":\"PropertyValueSpecification\",\"valueRequired\":true,\"valueName\":\"search_term_string\"}}],\"inLanguage\":\"pl-PL\"},{\"@type\":\"Organization\",\"@id\":\"http:\\\/\\\/wyjazdydlarodzicow.pl\\\/#organization\",\"name\":\"Wyjazdy dla rodzic\u00f3w\",\"url\":\"http:\\\/\\\/wyjazdydlarodzicow.pl\\\/\",\"logo\":{\"@type\":\"ImageObject\",\"inLanguage\":\"pl-PL\",\"@id\":\"http:\\\/\\\/wyjazdydlarodzicow.pl\\\/#\\\/schema\\\/logo\\\/image\\\/\",\"url\":\"http:\\\/\\\/wyjazdydlarodzicow.pl\\\/wp-content\\\/uploads\\\/2025\\\/09\\\/LOGO-wyjazdy-bez-ikonki.png\",\"contentUrl\":\"http:\\\/\\\/wyjazdydlarodzicow.pl\\\/wp-content\\\/uploads\\\/2025\\\/09\\\/LOGO-wyjazdy-bez-ikonki.png\",\"width\":500,\"height\":500,\"caption\":\"Wyjazdy dla rodzic\u00f3w\"},\"image\":{\"@id\":\"http:\\\/\\\/wyjazdydlarodzicow.pl\\\/#\\\/schema\\\/logo\\\/image\\\/\"},\"sameAs\":[\"https:\\\/\\\/www.facebook.com\\\/wyjazdydlarodzicow\"]}]}<\/script>\n<!-- \/ Yoast SEO plugin. -->","yoast_head_json":{"title":"Polityka prywatno\u015bci - Wyjazdy dla rodzic&oacute;w","robots":{"index":"index","follow":"follow","max-snippet":"max-snippet:-1","max-image-preview":"max-image-preview:large","max-video-preview":"max-video-preview:-1"},"canonical":"https:\/\/wyjazdydlarodzicow.pl\/?page_id=1416","og_locale":"pl_PL","og_type":"article","og_title":"Polityka prywatno\u015bci - Wyjazdy dla rodzic&oacute;w","og_description":"Polityka prywatno\u015bci i plik\u00f3w cookies strony Wyjazdy dla rodzic\u00f3w Niniejsza Polityka prywatno\u015bci i plik\u00f3w cookies okre\u015bla zasady przetwarzania i ochrony [&hellip;]","og_url":"https:\/\/wyjazdydlarodzicow.pl\/?page_id=1416","og_site_name":"Wyjazdy dla rodzic&oacute;w","article_publisher":"https:\/\/www.facebook.com\/wyjazdydlarodzicow","article_modified_time":"2025-09-10T11:54:30+00:00","twitter_card":"summary_large_image","twitter_misc":{"Szacowany czas czytania":"8 minut"},"schema":{"@context":"https:\/\/schema.org","@graph":[{"@type":"WebPage","@id":"https:\/\/wyjazdydlarodzicow.pl\/?page_id=1416","url":"https:\/\/wyjazdydlarodzicow.pl\/?page_id=1416","name":"Polityka prywatno\u015bci - Wyjazdy dla rodzic&oacute;w","isPartOf":{"@id":"http:\/\/wyjazdydlarodzicow.pl\/#website"},"datePublished":"2025-09-10T11:53:36+00:00","dateModified":"2025-09-10T11:54:30+00:00","breadcrumb":{"@id":"https:\/\/wyjazdydlarodzicow.pl\/?page_id=1416#breadcrumb"},"inLanguage":"pl-PL","potentialAction":[{"@type":"ReadAction","target":["https:\/\/wyjazdydlarodzicow.pl\/?page_id=1416"]}]},{"@type":"BreadcrumbList","@id":"https:\/\/wyjazdydlarodzicow.pl\/?page_id=1416#breadcrumb","itemListElement":[{"@type":"ListItem","position":1,"name":"Strona g\u0142\u00f3wna","item":"http:\/\/wyjazdydlarodzicow.pl\/"},{"@type":"ListItem","position":2,"name":"Polityka prywatno\u015bci"}]},{"@type":"WebSite","@id":"http:\/\/wyjazdydlarodzicow.pl\/#website","url":"http:\/\/wyjazdydlarodzicow.pl\/","name":"Wyjazdy dla rodzic\u00f3w","description":"","publisher":{"@id":"http:\/\/wyjazdydlarodzicow.pl\/#organization"},"potentialAction":[{"@type":"SearchAction","target":{"@type":"EntryPoint","urlTemplate":"http:\/\/wyjazdydlarodzicow.pl\/?s={search_term_string}"},"query-input":{"@type":"PropertyValueSpecification","valueRequired":true,"valueName":"search_term_string"}}],"inLanguage":"pl-PL"},{"@type":"Organization","@id":"http:\/\/wyjazdydlarodzicow.pl\/#organization","name":"Wyjazdy dla rodzic\u00f3w","url":"http:\/\/wyjazdydlarodzicow.pl\/","logo":{"@type":"ImageObject","inLanguage":"pl-PL","@id":"http:\/\/wyjazdydlarodzicow.pl\/#\/schema\/logo\/image\/","url":"http:\/\/wyjazdydlarodzicow.pl\/wp-content\/uploads\/2025\/09\/LOGO-wyjazdy-bez-ikonki.png","contentUrl":"http:\/\/wyjazdydlarodzicow.pl\/wp-content\/uploads\/2025\/09\/LOGO-wyjazdy-bez-ikonki.png","width":500,"height":500,"caption":"Wyjazdy dla rodzic\u00f3w"},"image":{"@id":"http:\/\/wyjazdydlarodzicow.pl\/#\/schema\/logo\/image\/"},"sameAs":["https:\/\/www.facebook.com\/wyjazdydlarodzicow"]}]}},"_links":{"self":[{"href":"https:\/\/wyjazdydlarodzicow.pl\/index.php?rest_route=\/wp\/v2\/pages\/1416","targetHints":{"allow":["GET"]}}],"collection":[{"href":"https:\/\/wyjazdydlarodzicow.pl\/index.php?rest_route=\/wp\/v2\/pages"}],"about":[{"href":"https:\/\/wyjazdydlarodzicow.pl\/index.php?rest_route=\/wp\/v2\/types\/page"}],"author":[{"embeddable":true,"href":"https:\/\/wyjazdydlarodzicow.pl\/index.php?rest_route=\/wp\/v2\/users\/1"}],"replies":[{"embeddable":true,"href":"https:\/\/wyjazdydlarodzicow.pl\/index.php?rest_route=%2Fwp%2Fv2%2Fcomments&post=1416"}],"version-history":[{"count":3,"href":"https:\/\/wyjazdydlarodzicow.pl\/index.php?rest_route=\/wp\/v2\/pages\/1416\/revisions"}],"predecessor-version":[{"id":1419,"href":"https:\/\/wyjazdydlarodzicow.pl\/index.php?rest_route=\/wp\/v2\/pages\/1416\/revisions\/1419"}],"wp:attachment":[{"href":"https:\/\/wyjazdydlarodzicow.pl\/index.php?rest_route=%2Fwp%2Fv2%2Fmedia&parent=1416"}],"curies":[{"name":"wp","href":"https:\/\/api.w.org\/{rel}","templated":true}]}}